{"id":2,"date":"2023-04-12T17:13:00","date_gmt":"2023-04-12T17:13:00","guid":{"rendered":"http:\/\/cursosbardo.com\/?page_id=2"},"modified":"2023-04-17T22:15:02","modified_gmt":"2023-04-17T22:15:02","slug":"quienes-somos","status":"publish","type":"page","link":"https:\/\/cursosbardo.com\/?page_id=2","title":{"rendered":"Qui\u00e9nes-somos"},"content":{"rendered":"\t\t<div data-elementor-type=\"wp-page\" data-elementor-id=\"2\" class=\"elementor elementor-2\">\n\t\t\t\t\t\t\t\t\t<section class=\"elementor-section elementor-top-section elementor-element elementor-element-4462460 elementor-section-boxed elementor-section-height-default elementor-section-height-default\" data-id=\"4462460\" data-element_type=\"section\">\n\t\t\t\t\t\t<div class=\"elementor-container elementor-column-gap-default\">\n\t\t\t\t\t<div class=\"elementor-column elementor-col-50 elementor-top-column elementor-element elementor-element-bac927b\" data-id=\"bac927b\" data-element_type=\"column\">\n\t\t\t<div class=\"elementor-widget-wrap elementor-element-populated\">\n\t\t\t\t\t\t\t\t<div class=\"elementor-element elementor-element-36e8967 elementor-widget elementor-widget-image\" data-id=\"36e8967\" data-element_type=\"widget\" data-widget_type=\"image.default\">\n\t\t\t\t<div class=\"elementor-widget-container\">\n\t\t\t<style>\/*! elementor - v3.13.2 - 11-05-2023 *\/\n.elementor-widget-image{text-align:center}.elementor-widget-image a{display:inline-block}.elementor-widget-image a img[src$=\".svg\"]{width:48px}.elementor-widget-image img{vertical-align:middle;display:inline-block}<\/style>\t\t\t\t\t\t\t\t\t\t\t\t<img decoding=\"async\" width=\"300\" height=\"300\" src=\"https:\/\/cursosbardo.com\/wp-content\/uploads\/2023\/04\/cropped-cropped-BARDO-ACADEMIA-300x300.png\" class=\"attachment-medium size-medium wp-image-107\" alt=\"\" loading=\"lazy\" srcset=\"https:\/\/cursosbardo.com\/wp-content\/uploads\/2023\/04\/cropped-cropped-BARDO-ACADEMIA-300x300.png 300w, https:\/\/cursosbardo.com\/wp-content\/uploads\/2023\/04\/cropped-cropped-BARDO-ACADEMIA-150x150.png 150w, https:\/\/cursosbardo.com\/wp-content\/uploads\/2023\/04\/cropped-cropped-BARDO-ACADEMIA-270x270.png 270w, https:\/\/cursosbardo.com\/wp-content\/uploads\/2023\/04\/cropped-cropped-BARDO-ACADEMIA-192x192.png 192w, https:\/\/cursosbardo.com\/wp-content\/uploads\/2023\/04\/cropped-cropped-BARDO-ACADEMIA-180x180.png 180w, https:\/\/cursosbardo.com\/wp-content\/uploads\/2023\/04\/cropped-cropped-BARDO-ACADEMIA-32x32.png 32w, https:\/\/cursosbardo.com\/wp-content\/uploads\/2023\/04\/cropped-cropped-BARDO-ACADEMIA.png 512w\" sizes=\"(max-width: 300px) 100vw, 300px\" \/>\t\t\t\t\t\t\t\t\t\t\t\t\t\t\t<\/div>\n\t\t\t\t<\/div>\n\t\t\t\t\t<\/div>\n\t\t<\/div>\n\t\t\t\t<div class=\"elementor-column elementor-col-50 elementor-top-column elementor-element elementor-element-00a5bfc\" data-id=\"00a5bfc\" data-element_type=\"column\">\n\t\t\t<div class=\"elementor-widget-wrap elementor-element-populated\">\n\t\t\t\t\t\t\t\t<div class=\"elementor-element elementor-element-11ab22a elementor-widget elementor-widget-text-editor\" data-id=\"11ab22a\" data-element_type=\"widget\" data-widget_type=\"text-editor.default\">\n\t\t\t\t<div class=\"elementor-widget-container\">\n\t\t\t<style>\/*! elementor - v3.13.2 - 11-05-2023 *\/\n.elementor-widget-text-editor.elementor-drop-cap-view-stacked .elementor-drop-cap{background-color:#69727d;color:#fff}.elementor-widget-text-editor.elementor-drop-cap-view-framed .elementor-drop-cap{color:#69727d;border:3px solid;background-color:transparent}.elementor-widget-text-editor:not(.elementor-drop-cap-view-default) .elementor-drop-cap{margin-top:8px}.elementor-widget-text-editor:not(.elementor-drop-cap-view-default) .elementor-drop-cap-letter{width:1em;height:1em}.elementor-widget-text-editor .elementor-drop-cap{float:left;text-align:center;line-height:1;font-size:50px}.elementor-widget-text-editor .elementor-drop-cap-letter{display:inline-block}<\/style>\t\t\t\t<h1 class=\"wp-block-heading\" style=\"font-family: var(--wp--preset--font-family--marcellus);\">Qui\u00e9nes Somos<\/h1>\n<p style=\"font-size: 16px;\">Somos una instituci\u00f3n aut\u00f3noma, destinada a impartir cursos que ayuden a nuestros participantes a superar con \u00e9xito los distintos ex\u00e1menes que propone \u2013 en su proceso de selecci\u00f3n y mejora continua \u2013 la Polic\u00eda Nacional del Per\u00fa.<\/p>\n<p style=\"font-size: 16px;\">A la fecha nos encontramos dirigidos por Bardo Gamarra Quenaya y con \u00e9l, se a\u00fana la experiencia y sus m\u00e1s de 10 a\u00f1os en el mundo de preparaci\u00f3n policial.<\/p>\n<h3 class=\"wp-block-heading\" style=\"font-family: var(--wp--preset--font-family--marcellus);\">Nuestra Misi\u00f3n<\/h3>\n<p style=\"font-size: 16px;\">Ayudar a rendir con \u00e9xito las distintas evaluaciones que afrontar\u00e1n nuestros discentes, proporcionando las metodolog\u00edas y herramientas que permitan el aprendizaje de las distintas materias, esto basado en la experiencia y base de datos de ex\u00e1menes anteriores.<\/p>\n<h3 class=\"wp-block-heading\" style=\"font-family: var(--wp--preset--font-family--marcellus);\">Nuestra Visi\u00f3n<\/h3>\n<p style=\"font-size: 16px;\">Ser l\u00edderes, convirti\u00e9ndonos en la mejor y m\u00e1s reconocida opci\u00f3n para la preparaci\u00f3n de postulantes a los distintos ex\u00e1menes de la Polic\u00eda Nacional del Per\u00fa.<\/p>\t\t\t\t\t\t<\/div>\n\t\t\t\t<\/div>\n\t\t\t\t\t<\/div>\n\t\t<\/div>\n\t\t\t\t\t\t\t<\/div>\n\t\t<\/section>\n\t\t\t\t\t\t\t<\/div>\n\t\t","protected":false},"excerpt":{"rendered":"<p>Qui\u00e9nes Somos Somos una instituci\u00f3n aut\u00f3noma, destinada a impartir cursos que ayuden a nuestros participantes a superar con \u00e9xito los distintos ex\u00e1menes que propone \u2013 en su proceso de selecci\u00f3n y mejora continua \u2013 la Polic\u00eda Nacional del Per\u00fa. A la fecha nos encontramos dirigidos por Bardo Gamarra Quenaya y con \u00e9l, se a\u00fana la [&hellip;]<\/p>\n","protected":false},"author":1,"featured_media":0,"parent":0,"menu_order":0,"comment_status":"closed","ping_status":"closed","template":"","meta":[],"_links":{"self":[{"href":"https:\/\/cursosbardo.com\/index.php?rest_route=\/wp\/v2\/pages\/2"}],"collection":[{"href":"https:\/\/cursosbardo.com\/index.php?rest_route=\/wp\/v2\/pages"}],"about":[{"href":"https:\/\/cursosbardo.com\/index.php?rest_route=\/wp\/v2\/types\/page"}],"author":[{"embeddable":true,"href":"https:\/\/cursosbardo.com\/index.php?rest_route=\/wp\/v2\/users\/1"}],"replies":[{"embeddable":true,"href":"https:\/\/cursosbardo.com\/index.php?rest_route=%2Fwp%2Fv2%2Fcomments&post=2"}],"version-history":[{"count":16,"href":"https:\/\/cursosbardo.com\/index.php?rest_route=\/wp\/v2\/pages\/2\/revisions"}],"predecessor-version":[{"id":315,"href":"https:\/\/cursosbardo.com\/index.php?rest_route=\/wp\/v2\/pages\/2\/revisions\/315"}],"wp:attachment":[{"href":"https:\/\/cursosbardo.com\/index.php?rest_route=%2Fwp%2Fv2%2Fmedia&parent=2"}],"curies":[{"name":"wp","href":"https:\/\/api.w.org\/{rel}","templated":true}]}}