{"id":255,"date":"2023-04-17T20:20:18","date_gmt":"2023-04-17T20:20:18","guid":{"rendered":"https:\/\/cursosbardo.com\/?page_id=255"},"modified":"2023-04-24T20:16:24","modified_gmt":"2023-04-24T20:16:24","slug":"ciclo-semestral","status":"publish","type":"page","link":"https:\/\/cursosbardo.com\/?page_id=255","title":{"rendered":"Ciclo semestral"},"content":{"rendered":"\t\t<div data-elementor-type=\"wp-page\" data-elementor-id=\"255\" class=\"elementor elementor-255\">\n\t\t\t\t\t\t\t\t\t<section class=\"elementor-section elementor-top-section elementor-element elementor-element-16ac7a4 elementor-section-boxed elementor-section-height-default elementor-section-height-default\" data-id=\"16ac7a4\" data-element_type=\"section\">\n\t\t\t\t\t\t<div class=\"elementor-container elementor-column-gap-default\">\n\t\t\t\t\t<div class=\"elementor-column elementor-col-50 elementor-top-column elementor-element elementor-element-1193241\" data-id=\"1193241\" data-element_type=\"column\">\n\t\t\t<div class=\"elementor-widget-wrap elementor-element-populated\">\n\t\t\t\t\t\t\t\t<div class=\"elementor-element elementor-element-9de9440 elementor-widget elementor-widget-image\" data-id=\"9de9440\" data-element_type=\"widget\" data-widget_type=\"image.default\">\n\t\t\t\t<div class=\"elementor-widget-container\">\n\t\t\t<style>\/*! elementor - v3.13.2 - 11-05-2023 *\/\n.elementor-widget-image{text-align:center}.elementor-widget-image a{display:inline-block}.elementor-widget-image a img[src$=\".svg\"]{width:48px}.elementor-widget-image img{vertical-align:middle;display:inline-block}<\/style>\t\t\t\t\t\t\t\t\t\t\t\t<img decoding=\"async\" width=\"370\" height=\"500\" src=\"https:\/\/cursosbardo.com\/wp-content\/uploads\/2023\/04\/servivio-3-BARDO-1.png\" class=\"attachment-large size-large wp-image-51\" alt=\"\" loading=\"lazy\" srcset=\"https:\/\/cursosbardo.com\/wp-content\/uploads\/2023\/04\/servivio-3-BARDO-1.png 370w, https:\/\/cursosbardo.com\/wp-content\/uploads\/2023\/04\/servivio-3-BARDO-1-222x300.png 222w\" sizes=\"(max-width: 370px) 100vw, 370px\" \/>\t\t\t\t\t\t\t\t\t\t\t\t\t\t\t<\/div>\n\t\t\t\t<\/div>\n\t\t\t\t\t<\/div>\n\t\t<\/div>\n\t\t\t\t<div class=\"elementor-column elementor-col-50 elementor-top-column elementor-element elementor-element-a3cc279\" data-id=\"a3cc279\" data-element_type=\"column\">\n\t\t\t<div class=\"elementor-widget-wrap elementor-element-populated\">\n\t\t\t\t\t\t\t\t<div class=\"elementor-element elementor-element-3d24c74 elementor-widget elementor-widget-text-editor\" data-id=\"3d24c74\" data-element_type=\"widget\" data-widget_type=\"text-editor.default\">\n\t\t\t\t<div class=\"elementor-widget-container\">\n\t\t\t<style>\/*! elementor - v3.13.2 - 11-05-2023 *\/\n.elementor-widget-text-editor.elementor-drop-cap-view-stacked .elementor-drop-cap{background-color:#69727d;color:#fff}.elementor-widget-text-editor.elementor-drop-cap-view-framed .elementor-drop-cap{color:#69727d;border:3px solid;background-color:transparent}.elementor-widget-text-editor:not(.elementor-drop-cap-view-default) .elementor-drop-cap{margin-top:8px}.elementor-widget-text-editor:not(.elementor-drop-cap-view-default) .elementor-drop-cap-letter{width:1em;height:1em}.elementor-widget-text-editor .elementor-drop-cap{float:left;text-align:center;line-height:1;font-size:50px}.elementor-widget-text-editor .elementor-drop-cap-letter{display:inline-block}<\/style>\t\t\t\t<p><!-- wp:heading {\"level\":3,\"style\":{\"spacing\":{\"margin\":{\"top\":\"16px\"}}}} --><\/p>\n<p style=\"margin-top: 16px;\"><strong><a href=\"https:\/\/cursosbardo.com\/index.php\/contactanos\/\" data-type=\"URL\" data-id=\"https:\/\/cursosbardo.com\/index.php\/contactanos\/\">CICLO SEMESTRAL<\/a><\/strong><\/p>\n<p><!-- \/wp:heading --><\/p>\n<p><!-- wp:paragraph --><\/p>\t\t\t\t\t\t<\/div>\n\t\t\t\t<\/div>\n\t\t\t\t<div class=\"elementor-element elementor-element-5f00a44 elementor-widget elementor-widget-text-editor\" data-id=\"5f00a44\" data-element_type=\"widget\" data-widget_type=\"text-editor.default\">\n\t\t\t\t<div class=\"elementor-widget-container\">\n\t\t\t\t\t\t\t<p class=\"MsoNormal\" style=\"text-align: justify;\"><span lang=\"ES\">Servicio educativo destinado a la preparaci\u00f3n de j\u00f3venes que aspiran a ocupar una vacante en las escuelas de formaci\u00f3n policial. La preparaci\u00f3n est\u00e1 orientada a lograr la aptitud de APTO en el examen de psicom\u00e9trico y a obtener una alta calificaci\u00f3n en el examen de conocimientos.<\/span><\/p>\t\t\t\t\t\t<\/div>\n\t\t\t\t<\/div>\n\t\t\t\t<div class=\"elementor-element elementor-element-a4887f2 elementor-widget elementor-widget-text-editor\" data-id=\"a4887f2\" data-element_type=\"widget\" data-widget_type=\"text-editor.default\">\n\t\t\t\t<div class=\"elementor-widget-container\">\n\t\t\t\t\t\t\t<p><a href=\"https:\/\/cursosbardo.com\/?page_id=81\">Contactos\u2026<\/a><\/p>\t\t\t\t\t\t<\/div>\n\t\t\t\t<\/div>\n\t\t\t\t\t<\/div>\n\t\t<\/div>\n\t\t\t\t\t\t\t<\/div>\n\t\t<\/section>\n\t\t\t\t\t\t\t<\/div>\n\t\t","protected":false},"excerpt":{"rendered":"<p>CICLO SEMESTRAL Servicio educativo destinado a la preparaci\u00f3n de j\u00f3venes que aspiran a ocupar una vacante en las escuelas de formaci\u00f3n policial. La preparaci\u00f3n est\u00e1 orientada a lograr la aptitud de APTO en el examen de psicom\u00e9trico y a obtener una alta calificaci\u00f3n en el examen de conocimientos. Contactos\u2026<\/p>\n","protected":false},"author":1,"featured_media":0,"parent":0,"menu_order":0,"comment_status":"closed","ping_status":"closed","template":"","meta":[],"_links":{"self":[{"href":"https:\/\/cursosbardo.com\/index.php?rest_route=\/wp\/v2\/pages\/255"}],"collection":[{"href":"https:\/\/cursosbardo.com\/index.php?rest_route=\/wp\/v2\/pages"}],"about":[{"href":"https:\/\/cursosbardo.com\/index.php?rest_route=\/wp\/v2\/types\/page"}],"author":[{"embeddable":true,"href":"https:\/\/cursosbardo.com\/index.php?rest_route=\/wp\/v2\/users\/1"}],"replies":[{"embeddable":true,"href":"https:\/\/cursosbardo.com\/index.php?rest_route=%2Fwp%2Fv2%2Fcomments&post=255"}],"version-history":[{"count":13,"href":"https:\/\/cursosbardo.com\/index.php?rest_route=\/wp\/v2\/pages\/255\/revisions"}],"predecessor-version":[{"id":391,"href":"https:\/\/cursosbardo.com\/index.php?rest_route=\/wp\/v2\/pages\/255\/revisions\/391"}],"wp:attachment":[{"href":"https:\/\/cursosbardo.com\/index.php?rest_route=%2Fwp%2Fv2%2Fmedia&parent=255"}],"curies":[{"name":"wp","href":"https:\/\/api.w.org\/{rel}","templated":true}]}}