{"id":266,"date":"2023-04-17T20:27:23","date_gmt":"2023-04-17T20:27:23","guid":{"rendered":"https:\/\/cursosbardo.com\/?page_id=266"},"modified":"2024-11-20T23:46:32","modified_gmt":"2024-11-20T23:46:32","slug":"asimilacion","status":"publish","type":"page","link":"https:\/\/cursosbardo.com\/?page_id=266","title":{"rendered":"RECATEGORIZACI\u00d3N"},"content":{"rendered":"\t\t<div data-elementor-type=\"wp-page\" data-elementor-id=\"266\" class=\"elementor elementor-266\">\n\t\t\t\t\t\t\t\t\t<section class=\"elementor-section elementor-top-section elementor-element elementor-element-e6d59d3 elementor-section-boxed elementor-section-height-default elementor-section-height-default\" data-id=\"e6d59d3\" data-element_type=\"section\">\n\t\t\t\t\t\t<div class=\"elementor-container elementor-column-gap-default\">\n\t\t\t\t\t<div class=\"elementor-column elementor-col-50 elementor-top-column elementor-element elementor-element-759e8bb\" data-id=\"759e8bb\" data-element_type=\"column\">\n\t\t\t<div class=\"elementor-widget-wrap elementor-element-populated\">\n\t\t\t\t\t\t\t\t<div class=\"elementor-element elementor-element-01cc172 elementor-widget elementor-widget-image\" data-id=\"01cc172\" data-element_type=\"widget\" data-widget_type=\"image.default\">\n\t\t\t\t<div class=\"elementor-widget-container\">\n\t\t\t<style>\/*! elementor - v3.13.2 - 11-05-2023 *\/\n.elementor-widget-image{text-align:center}.elementor-widget-image a{display:inline-block}.elementor-widget-image a img[src$=\".svg\"]{width:48px}.elementor-widget-image img{vertical-align:middle;display:inline-block}<\/style>\t\t\t\t\t\t\t\t\t\t\t\t<img decoding=\"async\" width=\"370\" height=\"500\" src=\"https:\/\/cursosbardo.com\/wp-content\/uploads\/2023\/04\/servivio-1-BARDO.png\" class=\"attachment-large size-large wp-image-48\" alt=\"\" loading=\"lazy\" srcset=\"https:\/\/cursosbardo.com\/wp-content\/uploads\/2023\/04\/servivio-1-BARDO.png 370w, https:\/\/cursosbardo.com\/wp-content\/uploads\/2023\/04\/servivio-1-BARDO-222x300.png 222w\" sizes=\"(max-width: 370px) 100vw, 370px\" \/>\t\t\t\t\t\t\t\t\t\t\t\t\t\t\t<\/div>\n\t\t\t\t<\/div>\n\t\t\t\t\t<\/div>\n\t\t<\/div>\n\t\t\t\t<div class=\"elementor-column elementor-col-50 elementor-top-column elementor-element elementor-element-a0cd84d\" data-id=\"a0cd84d\" data-element_type=\"column\">\n\t\t\t<div class=\"elementor-widget-wrap elementor-element-populated\">\n\t\t\t\t\t\t\t\t<div class=\"elementor-element elementor-element-25feaaa elementor-widget elementor-widget-text-editor\" data-id=\"25feaaa\" data-element_type=\"widget\" data-widget_type=\"text-editor.default\">\n\t\t\t\t<div class=\"elementor-widget-container\">\n\t\t\t<style>\/*! elementor - v3.13.2 - 11-05-2023 *\/\n.elementor-widget-text-editor.elementor-drop-cap-view-stacked .elementor-drop-cap{background-color:#69727d;color:#fff}.elementor-widget-text-editor.elementor-drop-cap-view-framed .elementor-drop-cap{color:#69727d;border:3px solid;background-color:transparent}.elementor-widget-text-editor:not(.elementor-drop-cap-view-default) .elementor-drop-cap{margin-top:8px}.elementor-widget-text-editor:not(.elementor-drop-cap-view-default) .elementor-drop-cap-letter{width:1em;height:1em}.elementor-widget-text-editor .elementor-drop-cap{float:left;text-align:center;line-height:1;font-size:50px}.elementor-widget-text-editor .elementor-drop-cap-letter{display:inline-block}<\/style>\t\t\t\t<p><!-- wp:heading {\"level\":3,\"style\":{\"spacing\":{\"margin\":{\"top\":\"16px\"}}}} --><\/p>\n<p style=\"margin-top: 16px;\"><strong><a href=\"https:\/\/cursosbardo.com\/index.php\/contactanos\/\" data-type=\"URL\" data-id=\"https:\/\/cursosbardo.com\/index.php\/contactanos\/\">ASIMILACI\u00d3N<\/a><\/strong><\/p>\n<p><!-- \/wp:heading --><\/p>\n<p><!-- wp:paragraph --><\/p>\t\t\t\t\t\t<\/div>\n\t\t\t\t<\/div>\n\t\t\t\t<div class=\"elementor-element elementor-element-ecf94eb elementor-widget elementor-widget-text-editor\" data-id=\"ecf94eb\" data-element_type=\"widget\" data-widget_type=\"text-editor.default\">\n\t\t\t\t<div class=\"elementor-widget-container\">\n\t\t\t\t\t\t\t<p class=\"MsoNormal\" style=\"text-align: justify;\"><span lang=\"ES\">Servicio educativo dirigido a profesionales y t\u00e9cnicos que aspiran ocupar una vacante en el proceso de Asimilaci\u00f3n de la Polic\u00eda Nacional del Per\u00fa. La preparaci\u00f3n se realiza en las \u00c1reas de Aptitud matem\u00e1tica y Verbal.<\/span><\/p>\t\t\t\t\t\t<\/div>\n\t\t\t\t<\/div>\n\t\t\t\t<div class=\"elementor-element elementor-element-5f56eb0 elementor-widget elementor-widget-text-editor\" data-id=\"5f56eb0\" data-element_type=\"widget\" data-widget_type=\"text-editor.default\">\n\t\t\t\t<div class=\"elementor-widget-container\">\n\t\t\t\t\t\t\t<p><a href=\"https:\/\/cursosbardo.com\/?page_id=81\">Contactos\u2026<\/a><\/p>\t\t\t\t\t\t<\/div>\n\t\t\t\t<\/div>\n\t\t\t\t\t<\/div>\n\t\t<\/div>\n\t\t\t\t\t\t\t<\/div>\n\t\t<\/section>\n\t\t\t\t\t\t\t<\/div>\n\t\t","protected":false},"excerpt":{"rendered":"<p>ASIMILACI\u00d3N Servicio educativo dirigido a profesionales y t\u00e9cnicos que aspiran ocupar una vacante en el proceso de Asimilaci\u00f3n de la Polic\u00eda Nacional del Per\u00fa. La preparaci\u00f3n se realiza en las \u00c1reas de Aptitud matem\u00e1tica y Verbal. Contactos\u2026<\/p>\n","protected":false},"author":1,"featured_media":0,"parent":0,"menu_order":0,"comment_status":"closed","ping_status":"closed","template":"","meta":[],"_links":{"self":[{"href":"https:\/\/cursosbardo.com\/index.php?rest_route=\/wp\/v2\/pages\/266"}],"collection":[{"href":"https:\/\/cursosbardo.com\/index.php?rest_route=\/wp\/v2\/pages"}],"about":[{"href":"https:\/\/cursosbardo.com\/index.php?rest_route=\/wp\/v2\/types\/page"}],"author":[{"embeddable":true,"href":"https:\/\/cursosbardo.com\/index.php?rest_route=\/wp\/v2\/users\/1"}],"replies":[{"embeddable":true,"href":"https:\/\/cursosbardo.com\/index.php?rest_route=%2Fwp%2Fv2%2Fcomments&post=266"}],"version-history":[{"count":11,"href":"https:\/\/cursosbardo.com\/index.php?rest_route=\/wp\/v2\/pages\/266\/revisions"}],"predecessor-version":[{"id":2403,"href":"https:\/\/cursosbardo.com\/index.php?rest_route=\/wp\/v2\/pages\/266\/revisions\/2403"}],"wp:attachment":[{"href":"https:\/\/cursosbardo.com\/index.php?rest_route=%2Fwp%2Fv2%2Fmedia&parent=266"}],"curies":[{"name":"wp","href":"https:\/\/api.w.org\/{rel}","templated":true}]}}